{"id":16,"date":"2020-03-10T13:16:39","date_gmt":"2020-03-10T13:16:39","guid":{"rendered":"https:\/\/meerjungfrei.ch\/?page_id=16"},"modified":"2020-08-30T20:22:31","modified_gmt":"2020-08-30T20:22:31","slug":"impressum","status":"publish","type":"page","link":"https:\/\/meerjungfrei.ch\/?page_id=16","title":{"rendered":"Impressum"},"content":{"rendered":"\n<p>www.meerjungfrei.ch<\/p>\n\n\n\n<p>flaschenpost@meerjungfrei.ch<\/p>\n\n\n\n<h2>Haftungsausschluss<\/h2>\n\n\n\n<p>Der Autor \u00fcbernimmt keinerlei Gew\u00e4hr hinsichtlich der&nbsp;inhaltlichen Richtigkeit, Genauigkeit, Aktualit\u00e4t, Zuverl\u00e4ssigkeit und&nbsp;Vollst\u00e4ndigkeit der Informationen.<\/p>\n\n\n\n<p>Haftungsanspr\u00fcche gegen den Autor wegen Sch\u00e4den materieller&nbsp; oder immaterieller Art, welche aus dem Zugriff oder der Nutzung bzw.&nbsp;Nichtnutzung der ver\u00f6ffentlichten Informationen, durch Missbrauch der&nbsp;Verbindung oder durch technische St\u00f6rungen entstanden sind, werden&nbsp; ausgeschlossen.<\/p>\n\n\n\n<p>Alle\u00a0 Angebote sind unverbindlich. Der Autor beh\u00e4lt es sich ausdr\u00fccklich vor, Teile\u00a0der Seiten oder das gesamte Angebot ohne gesonderte Ank\u00fcndigung zu ver\u00e4ndern,\u00a0 zu erg\u00e4nzen, zu l\u00f6schen oder die Ver\u00f6ffentlichung zeitweise oder endg\u00fcltig\u00a0 einzustellen.<\/p>\n\n\n\n<h2>Haftung f\u00fcr Links<\/h2>\n\n\n\n<p>Verweise und Links auf Webseiten&nbsp;Dritter liegen ausserhalb unseres Verantwortungsbereichs. Es wird jegliche Verantwortung f\u00fcr solche Webseiten&nbsp; abgelehnt.&nbsp;Der Zugriff und die Nutzung solcher Webseiten erfolgen auf eigene Gefahr des Nutzers oder der Nutzerin.<\/p>\n\n\n\n<h2>Urheberrechte<\/h2>\n\n\n\n<p>Die Urheber- und alle anderen Rechte an Inhalten, Bildern, Fotos oder anderen Dateien auf der Website geh\u00f6ren ausschliesslichdem Meerjungfrei oder den speziell genannten Rechtsinhabern. F\u00fcr die Reproduktion jeglicher Elemente ist die schriftliche Zustimmung der Urheberrechtstr\u00e4ger im Voraus einzuholen.<\/p>\n\n\n\n<h2>Datenschutz<\/h2>\n\n\n\n<p>Gest\u00fctzt auf Artikel 13 der schweizerischen Bundesverfassung&nbsp;und die datenschutzrechtlichen Bestimmungen des Bundes (Datenschutzgesetz, DSG)&nbsp; hat jede Person Anspruch auf Schutz ihrer Privatsph\u00e4re sowie auf Schutz vor&nbsp;Missbrauch ihrer pers\u00f6nlichen Daten. Wir halten diese Bestimmungen ein. Pers\u00f6nliche Daten werden streng vertraulich behandelt und weder an Dritte&nbsp;verkauft noch weiter gegeben.<\/p>\n\n\n\n<p>In enger Zusammenarbeit mit unseren Hosting-Providern&nbsp;bem\u00fchen wir uns, die Datenbanken so gut wie m\u00f6glich vor fremden Zugriffen, Verlusten,&nbsp; Missbrauch oder vor F\u00e4lschung zu sch\u00fctzen.<\/p>\n\n\n\n<p>Beim Zugriff auf unsere Webseiten werden folgende Daten in&nbsp; Logfiles gespeichert: IP-Adresse, Datum, Uhrzeit, Browser-Anfrage und allg.&nbsp;\u00fcbertragene Informationen zum Betriebssystem resp. Browser. Diese Nutzungsdaten&nbsp; bilden die Basis f\u00fcr statistische, anonyme Auswertungen, so dass Trends&nbsp; erkennbar sind, anhand derer wir unsere Angebote entsprechend verbessern&nbsp; k\u00f6nnen.<\/p>\n\n\n\n<h2>Welche personenbezogenen Daten werden von uns erhoben und warum werden diese erhoben?<\/h2>\n\n\n\n<p>Wenn Besucher Kommentare auf der Website hinterlassen, erfassen wir die im Kommentarformular angezeigten Daten sowie die IP-Adresse des Besuchers und die Zeichenfolge des Browser-Benutzeragenten, um die Spam-Erkennung zu erleichtern.<\/p>\n\n\n\n<p>M\u00f6glicherweise wird dem Gravatar-Dienst eine anonymisierte Zeichenfolge bereitgestellt, die aus Ihrer E-Mail-Adresse (auch Hash genannt) erstellt wird, um zu sehen, ob Sie sie verwenden. Die Datenschutzrichtlinie des Gravatar-Dienstes finden Sie hier: https:\/\/automattic.com\/privacy\/. Nach der Best\u00e4tigung Ihres Kommentars ist Ihr Profilbild im Kontext Ihres Kommentars f\u00fcr die \u00d6ffentlichkeit sichtbar.<\/p>\n\n\n\n<h2>Medien<\/h2>\n\n\n\n<p><br>Wenn Sie Bilder auf die Website hochladen, sollten Sie das Hochladen von Bildern mit eingebetteten Ortsdaten (EXIF GPS) vermeiden. Besucher der Website k\u00f6nnen Standortdaten von Bildern auf der Website herunterladen und extrahieren.<\/p>\n\n\n\n<h2>Kontaktformulare<br>Cookies&nbsp;<\/h2>\n\n\n\n<p><br>Wenn Sie einen Kommentar auf unserer Website hinterlassen, k\u00f6nnen Sie Ihren Namen, Ihre E-Mail-Adresse und Ihre Website in Cookies speichern. Dies dient Ihrer Bequemlichkeit, damit Sie Ihre Angaben nicht erneut eingeben m\u00fcssen, wenn Sie einen weiteren Kommentar hinterlassen. Diese Cookies halten ein Jahr.<\/p>\n\n\n\n<p>Wenn Sie \u00fcber ein Konto verf\u00fcgen und sich auf dieser Website anmelden, setzen wir ein tempor\u00e4res Cookie, um festzustellen, ob Ihr Browser Cookies akzeptiert. Dieser Cookie enth\u00e4lt keine pers\u00f6nlichen Daten und wird beim Schlie\u00dfen Ihres Browsers gel\u00f6scht.<\/p>\n\n\n\n<p>Wenn Sie sich anmelden, werden wir auch mehrere Cookies einrichten, um Ihre Anmeldeinformationen und die Bildschirmanzeige zu speichern. Login-Cookies sind zwei Tage g\u00fcltig, und Cookies f\u00fcr Bildschirmoptionen dauern ein Jahr. Wenn Sie \u201eRemember Me\u201c w\u00e4hlen, bleibt Ihr Login f\u00fcr zwei Wochen bestehen. Wenn Sie sich von Ihrem Konto abmelden, werden die Login-Cookies entfernt.<\/p>\n\n\n\n<p>Wenn Sie einen Artikel bearbeiten oder ver\u00f6ffentlichen, wird ein zus\u00e4tzlicher Cookie in Ihrem Browser gespeichert. Dieses Cookie enth\u00e4lt keine pers\u00f6nlichen Daten und gibt lediglich die Beitrags-ID des Artikels an, den Sie gerade bearbeitet haben. Es l\u00e4uft nach einem Tag ab.<\/p>\n\n\n\n<h2>Eingebettete Inhalte von anderen Websites<\/h2>\n\n\n\n<p><br>Artikel auf dieser Website k\u00f6nnen eingebettete Inhalte enthalten (z. B. Videos, Bilder, Artikel usw.). Eingebettete Inhalte von anderen Websites verhalten sich genauso, als ob der Besucher die andere Website besucht h\u00e4tte.<\/p>\n\n\n\n<p>Diese Websites k\u00f6nnen Daten \u00fcber Sie sammeln, Cookies verwenden, zus\u00e4tzliches Tracking von Drittanbietern einbetten und Ihre Interaktion mit diesem eingebetteten Inhalt \u00fcberwachen, einschlie\u00dflich der Verfolgung Ihrer Interaktion mit dem eingebetteten Inhalt, sofern Sie \u00fcber ein Konto verf\u00fcgen und an dieser Website angemeldet sind.<\/p>\n\n\n\n<h2>Analytics<\/h2>\n\n\n\n<p><br>Mit wem wir Ihre Daten teilen<br>Wie lange speichern wir Ihre Daten?<br>Wenn Sie einen Kommentar hinterlassen, bleiben der Kommentar und seine Metadaten auf unbestimmte Zeit erhalten. Auf diese Weise k\u00f6nnen wir nachfolgende Kommentare automatisch erkennen und genehmigen, anstatt sie in einer Moderationswarteschlange zu halten.<\/p>\n\n\n\n<p>F\u00fcr Benutzer, die sich auf unserer Website registrieren (falls vorhanden), speichern wir auch die pers\u00f6nlichen Informationen, die sie in ihrem Benutzerprofil bereitstellen. Alle Benutzer k\u00f6nnen ihre pers\u00f6nlichen Informationen jederzeit anzeigen, bearbeiten oder l\u00f6schen (es sei denn, sie k\u00f6nnen ihren Benutzernamen nicht \u00e4ndern). Website-Administratoren k\u00f6nnen diese Informationen auch anzeigen und bearbeiten.<\/p>\n\n\n\n<p>Welche Rechte haben Sie an Ihren Daten?<br>Wenn Sie \u00fcber ein Konto auf dieser Website verf\u00fcgen oder Kommentare hinterlassen haben, k\u00f6nnen Sie eine exportierte Datei mit den von uns gespeicherten personenbezogenen Daten anfordern, einschlie\u00dflich der Daten, die Sie uns zur Verf\u00fcgung gestellt haben. Sie k\u00f6nnen auch verlangen, dass wir alle pers\u00f6nlichen Daten, die wir \u00fcber Sie haben, l\u00f6schen. Dies beinhaltet keine Daten, die wir aus administrativen, rechtlichen oder Sicherheitsgr\u00fcnden aufbewahren m\u00fcssen.<\/p>\n\n\n\n<p>Wohin senden wir Ihre Daten?<br>Besucherkommentare k\u00f6nnen \u00fcber einen automatisierten Spamerkennungsdienst \u00fcberpr\u00fcft werden.<\/p>\n\n\n\n<h2>Datenschutzerkl\u00e4rung f\u00fcr die Nutzung von Facebook-Plugins<\/h2>\n\n\n\n<p>Auf unseren Seiten sind Plugins des sozialen Netzwerks Facebook, 1601&nbsp; South California Avenue, Palo Alto, CA 94304, USA integriert. Die&nbsp; Facebook-Plugins erkennen Sie an dem Facebook-Logo oder dem \u201eLike-Button\u201c (\u201eGef\u00e4llt mir\u201c) auf unserer Seite.<\/p>\n\n\n\n<p>Wenn Sie unsere Seiten besuchen, wird \u00fcber das Plugin eine direkte&nbsp; Verbindung zwischen Ihrem Browser und dem Facebook-Server hergestellt. Facebook&nbsp; erh\u00e4lt dadurch die Information, dass Sie mit Ihrer IP-Adresse unsere Seite&nbsp; besucht haben. Wenn Sie den Facebook \u201eLike-Button\u201c anklicken w\u00e4hrend&nbsp; Sie in Ihrem Facebook-Account eingeloggt sind, k\u00f6nnen Sie die Inhalte unserer&nbsp; Seiten auf Ihrem Facebook-Profil verlinken. Dadurch kann Facebook den Besuch&nbsp; unserer Seiten Ihrem Benutzerkonto zuordnen. Wir weisen darauf hin, dass wir&nbsp; als Anbieter der Seiten keine Kenntnis vom Inhalt der \u00fcbermittelten Daten sowie&nbsp; deren Nutzung durch Facebook erhalten. Weitere Informationen hierzu finden Sie&nbsp; in der Datenschutzerkl\u00e4rung von facebook unter www.facebook.com\/about\/privacy\/&nbsp;&nbsp;<br><\/p>\n\n\n\n<p>Wenn Sie nicht&nbsp; w\u00fcnschen, dass Facebook den Besuch unserer Seiten Ihrem Facebook-Nutzerkonto&nbsp; zuordnen kann, loggen Sie sich bitte aus Ihrem Facebook-Benutzerkonto aus.<\/p>\n\n\n\n<h2>Datenschutzerkl\u00e4rung f\u00fcr die Nutzung von Google Analytics<\/h2>\n\n\n\n<p>Diese Website benutzt Google Analytics, einen Webanalysedienst der&nbsp; Google Inc. (\u201eGoogle\u201c). Google Analytics verwendet sog.&nbsp; \u201eCookies\u201c, Textdateien, die auf Ihrem Computer gespeichert werden und&nbsp; die eine Analyse der Benutzung der Website durch Sie erm\u00f6glichen. Die durch den&nbsp; Cookie erzeugten Informationen \u00fcber Ihre Benutzung dieser Website werden in der&nbsp; Regel an einen Server von Google in den USA \u00fcbertragen und dort gespeichert. Im&nbsp; Falle der Aktivierung der IP-Anonymisierung auf dieser Webseite wird Ihre&nbsp; IP-Adresse von Google jedoch innerhalb von Mitgliedstaaten der Europ\u00e4ischen&nbsp; Union oder in anderen Vertragsstaaten des Abkommens \u00fcber den Europ\u00e4ischen Wirtschaftsraum&nbsp; zuvor gek\u00fcrzt.<\/p>\n\n\n\n<p>Nur in Ausnahmef\u00e4llen wird die volle IP-Adresse an einen Server von&nbsp; Google in den USA \u00fcbertragen und dort gek\u00fcrzt. Google wird diese&nbsp; Informationen benutzen, um Ihre Nutzung der Website auszuwerten, um Reports&nbsp; \u00fcber die Websiteaktivit\u00e4ten f\u00fcr die Websitebetreiber zusammenzustellen und um&nbsp; weitere mit der Websitenutzung und der Internetnutzung verbundene&nbsp; Dienstleistungen zu erbringen. Auch wird Google diese Informationen&nbsp; gegebenenfalls an Dritte \u00fcbertragen, sofern dies gesetzlich vorgeschrieben oder&nbsp; soweit Dritte diese Daten im Auftrag von Google verarbeiten. Die im&nbsp; Rahmen von Google Analytics von Ihrem Browser \u00fcbermittelte IP-Adresse wird&nbsp; nicht mit anderen Daten von Google zusammengef\u00fchrt.<\/p>\n\n\n\n<p>Sie k\u00f6nnen die Installation der Cookies durch eine&nbsp; entsprechende Einstellung Ihrer Browser Software verhindern; wir weisen Sie&nbsp; jedoch darauf hin, dass Sie in diesem Fall gegebenenfalls nicht s\u00e4mtliche&nbsp; Funktionen dieser Website voll umf\u00e4nglich nutzen k\u00f6nnen. Durch&nbsp; die Nutzung dieser Website erkl\u00e4ren Sie sich mit der Bearbeitung der \u00fcber Sie&nbsp; erhobenen Daten durch Google in der zuvor beschriebenen Art und Weise und zu&nbsp; dem zuvor benannten Zweck einverstanden.<\/p>\n","protected":false},"excerpt":{"rendered":"<p>www.meerjungfrei.ch flaschenpost@meerjungfrei.ch Haftungsausschluss Der Autor \u00fcbernimmt keinerlei Gew\u00e4hr hinsichtlich der&nbsp;inhaltlichen Richtigkeit, Genauigkeit, Aktualit\u00e4t, Zuverl\u00e4ssigkeit und&nbsp;Vollst\u00e4ndigkeit der Informationen. Haftungsanspr\u00fcche gegen den Autor wegen Sch\u00e4den materieller&nbsp; oder immaterieller Art, welche aus dem Zugriff oder der Nutzung bzw.&nbsp;Nichtnutzung der ver\u00f6ffentlichten Informationen, durch Missbrauch der&nbsp;Verbindung oder durch technische St\u00f6rungen entstanden sind, werden&nbsp; ausgeschlossen. Alle\u00a0 [&hellip;]<\/p>\n","protected":false},"author":1,"featured_media":0,"parent":0,"menu_order":0,"comment_status":"closed","ping_status":"closed","template":"","meta":{"_monsterinsights_skip_tracking":false,"_monsterinsights_sitenote_active":false,"_monsterinsights_sitenote_note":"","_monsterinsights_sitenote_category":0},"_links":{"self":[{"href":"https:\/\/meerjungfrei.ch\/index.php?rest_route=\/wp\/v2\/pages\/16"}],"collection":[{"href":"https:\/\/meerjungfrei.ch\/index.php?rest_route=\/wp\/v2\/pages"}],"about":[{"href":"https:\/\/meerjungfrei.ch\/index.php?rest_route=\/wp\/v2\/types\/page"}],"author":[{"embeddable":true,"href":"https:\/\/meerjungfrei.ch\/index.php?rest_route=\/wp\/v2\/users\/1"}],"replies":[{"embeddable":true,"href":"https:\/\/meerjungfrei.ch\/index.php?rest_route=%2Fwp%2Fv2%2Fcomments&post=16"}],"version-history":[{"count":3,"href":"https:\/\/meerjungfrei.ch\/index.php?rest_route=\/wp\/v2\/pages\/16\/revisions"}],"predecessor-version":[{"id":463,"href":"https:\/\/meerjungfrei.ch\/index.php?rest_route=\/wp\/v2\/pages\/16\/revisions\/463"}],"wp:attachment":[{"href":"https:\/\/meerjungfrei.ch\/index.php?rest_route=%2Fwp%2Fv2%2Fmedia&parent=16"}],"curies":[{"name":"wp","href":"https:\/\/api.w.org\/{rel}","templated":true}]}}